{"id":7956,"date":"2022-01-28T11:07:05","date_gmt":"2022-01-28T10:07:05","guid":{"rendered":"https:\/\/labelistcosmetics.com\/?page_id=7956"},"modified":"2023-03-30T09:43:56","modified_gmt":"2023-03-30T07:43:56","slug":"clipping","status":"publish","type":"page","link":"https:\/\/labelistcosmetics.com\/en\/clipping\/","title":{"rendered":"clipping"},"content":{"rendered":"\t\t<div data-elementor-type=\"wp-page\" data-elementor-id=\"7956\" class=\"elementor elementor-7956 elementor-5468\" data-elementor-post-type=\"page\">\n\t\t\t\t\t\t<section class=\"elementor-section elementor-top-section elementor-element elementor-element-1717cf6 elementor-section-boxed elementor-section-height-default elementor-section-height-default\" data-id=\"1717cf6\" data-element_type=\"section\" data-e-type=\"section\">\n\t\t\t\t\t\t<div class=\"elementor-container elementor-column-gap-default\">\n\t\t\t\t\t<div class=\"elementor-column elementor-col-100 elementor-top-column elementor-element elementor-element-7669c1b\" data-id=\"7669c1b\" data-element_type=\"column\" data-e-type=\"column\">\n\t\t\t<div class=\"elementor-widget-wrap elementor-element-populated\">\n\t\t\t\t\t\t<div class=\"elementor-element elementor-element-0655f8b elementor-widget elementor-widget-heading\" data-id=\"0655f8b\" data-element_type=\"widget\" data-e-type=\"widget\" data-widget_type=\"heading.default\">\n\t\t\t\t<div class=\"elementor-widget-container\">\n\t\t\t\t\t<h2 class=\"elementor-heading-title elementor-size-default\">clipping<\/h2>\t\t\t\t<\/div>\n\t\t\t\t<\/div>\n\t\t\t\t\t<\/div>\n\t\t<\/div>\n\t\t\t\t\t<\/div>\n\t\t<\/section>\n\t\t\t\t<section class=\"elementor-section elementor-top-section elementor-element elementor-element-06ddba9 elementor-section-content-middle elementor-section-boxed elementor-section-height-default elementor-section-height-default\" data-id=\"06ddba9\" data-element_type=\"section\" data-e-type=\"section\">\n\t\t\t\t\t\t<div class=\"elementor-container elementor-column-gap-default\">\n\t\t\t\t\t<div class=\"elementor-column elementor-col-100 elementor-top-column elementor-element elementor-element-c42c595\" data-id=\"c42c595\" data-element_type=\"column\" data-e-type=\"column\">\n\t\t\t<div class=\"elementor-widget-wrap elementor-element-populated\">\n\t\t\t\t\t\t<div class=\"elementor-element elementor-element-29816d1 elementor-widget elementor-widget-image-gallery\" data-id=\"29816d1\" data-element_type=\"widget\" data-e-type=\"widget\" data-widget_type=\"image-gallery.default\">\n\t\t\t\t<div class=\"elementor-widget-container\">\n\t\t\t\t\t\t\t<div class=\"elementor-image-gallery\">\n\t\t\t<div id='gallery-1' class='gallery galleryid-7956 gallery-columns-4 gallery-size-thumbnail'><figure class='gallery-item'>\n\t\t\t<div class='gallery-icon landscape'>\n\t\t\t\t<a data-elementor-open-lightbox=\"yes\" data-elementor-lightbox-slideshow=\"29816d1\" data-elementor-lightbox-title=\"Marie Claire\" data-e-action-hash=\"#elementor-action%3Aaction%3Dlightbox%26settings%3DeyJpZCI6MTE1NTAsInVybCI6Imh0dHBzOlwvXC9sYWJlbGlzdGNvc21ldGljcy5jb21cL3dwLWNvbnRlbnRcL3VwbG9hZHNcLzIwMjNcLzAzXC9NYXJpZS1DbGFpcmUucG5nIiwic2xpZGVzaG93IjoiMjk4MTZkMSJ9\" href='https:\/\/labelistcosmetics.com\/wp-content\/uploads\/2023\/03\/Marie-Claire.png'><img decoding=\"async\" width=\"150\" height=\"150\" src=\"https:\/\/labelistcosmetics.com\/wp-content\/uploads\/2023\/03\/Marie-Claire.png\" class=\"attachment-thumbnail size-thumbnail\" alt=\"\" aria-describedby=\"gallery-1-11550\" srcset=\"https:\/\/labelistcosmetics.com\/wp-content\/uploads\/2023\/03\/Marie-Claire.png 150w, https:\/\/labelistcosmetics.com\/wp-content\/uploads\/2023\/03\/Marie-Claire-100x100.png 100w\" sizes=\"(max-width: 150px) 100vw, 150px\" \/><\/a>\n\t\t\t<\/div>\n\t\t\t\t<figcaption class='wp-caption-text gallery-caption' id='gallery-1-11550'>\n\t\t\t\tMarie Claire\n\t\t\t\t<\/figcaption><\/figure><figure class='gallery-item'>\n\t\t\t<div class='gallery-icon landscape'>\n\t\t\t\t<a data-elementor-open-lightbox=\"yes\" data-elementor-lightbox-slideshow=\"29816d1\" data-elementor-lightbox-title=\"Mujer Hoy\" data-e-action-hash=\"#elementor-action%3Aaction%3Dlightbox%26settings%3DeyJpZCI6MTE1NTgsInVybCI6Imh0dHBzOlwvXC9sYWJlbGlzdGNvc21ldGljcy5jb21cL3dwLWNvbnRlbnRcL3VwbG9hZHNcLzIwMjNcLzAzXC9NdWplci1Ib3kucG5nIiwic2xpZGVzaG93IjoiMjk4MTZkMSJ9\" href='https:\/\/labelistcosmetics.com\/wp-content\/uploads\/2023\/03\/Mujer-Hoy.png'><img decoding=\"async\" width=\"150\" height=\"150\" src=\"https:\/\/labelistcosmetics.com\/wp-content\/uploads\/2023\/03\/Mujer-Hoy.png\" class=\"attachment-thumbnail size-thumbnail\" alt=\"\" aria-describedby=\"gallery-1-11558\" srcset=\"https:\/\/labelistcosmetics.com\/wp-content\/uploads\/2023\/03\/Mujer-Hoy.png 150w, https:\/\/labelistcosmetics.com\/wp-content\/uploads\/2023\/03\/Mujer-Hoy-100x100.png 100w\" sizes=\"(max-width: 150px) 100vw, 150px\" \/><\/a>\n\t\t\t<\/div>\n\t\t\t\t<figcaption class='wp-caption-text gallery-caption' id='gallery-1-11558'>\n\t\t\t\tMujer Hoy\n\t\t\t\t<\/figcaption><\/figure><figure class='gallery-item'>\n\t\t\t<div class='gallery-icon landscape'>\n\t\t\t\t<a data-elementor-open-lightbox=\"yes\" data-elementor-lightbox-slideshow=\"29816d1\" data-elementor-lightbox-title=\"Mujer_hoy\" data-e-action-hash=\"#elementor-action%3Aaction%3Dlightbox%26settings%3DeyJpZCI6MTE1NzAsInVybCI6Imh0dHBzOlwvXC9sYWJlbGlzdGNvc21ldGljcy5jb21cL3dwLWNvbnRlbnRcL3VwbG9hZHNcLzIwMjNcLzAzXC9NdWplcl9ob3kucG5nIiwic2xpZGVzaG93IjoiMjk4MTZkMSJ9\" href='https:\/\/labelistcosmetics.com\/wp-content\/uploads\/2023\/03\/Mujer_hoy.png'><img decoding=\"async\" width=\"150\" height=\"150\" src=\"https:\/\/labelistcosmetics.com\/wp-content\/uploads\/2023\/03\/Mujer_hoy.png\" class=\"attachment-thumbnail size-thumbnail\" alt=\"\" aria-describedby=\"gallery-1-11570\" srcset=\"https:\/\/labelistcosmetics.com\/wp-content\/uploads\/2023\/03\/Mujer_hoy.png 150w, https:\/\/labelistcosmetics.com\/wp-content\/uploads\/2023\/03\/Mujer_hoy-100x100.png 100w\" sizes=\"(max-width: 150px) 100vw, 150px\" \/><\/a>\n\t\t\t<\/div>\n\t\t\t\t<figcaption class='wp-caption-text gallery-caption' id='gallery-1-11570'>\n\t\t\t\tMujer Hoy\n\t\t\t\t<\/figcaption><\/figure><figure class='gallery-item'>\n\t\t\t<div class='gallery-icon landscape'>\n\t\t\t\t<a data-elementor-open-lightbox=\"yes\" data-elementor-lightbox-slideshow=\"29816d1\" data-elementor-lightbox-title=\"M\u00eda\" data-e-action-hash=\"#elementor-action%3Aaction%3Dlightbox%26settings%3DeyJpZCI6MTE1NTMsInVybCI6Imh0dHBzOlwvXC9sYWJlbGlzdGNvc21ldGljcy5jb21cL3dwLWNvbnRlbnRcL3VwbG9hZHNcLzIwMjNcLzAzXC9NaWEuanBnIiwic2xpZGVzaG93IjoiMjk4MTZkMSJ9\" href='https:\/\/labelistcosmetics.com\/wp-content\/uploads\/2023\/03\/Mia.jpg'><img loading=\"lazy\" decoding=\"async\" width=\"150\" height=\"150\" src=\"https:\/\/labelistcosmetics.com\/wp-content\/uploads\/2023\/03\/Mia.jpg\" class=\"attachment-thumbnail size-thumbnail\" alt=\"\" aria-describedby=\"gallery-1-11553\" srcset=\"https:\/\/labelistcosmetics.com\/wp-content\/uploads\/2023\/03\/Mia.jpg 150w, https:\/\/labelistcosmetics.com\/wp-content\/uploads\/2023\/03\/Mia-100x100.jpg 100w\" sizes=\"(max-width: 150px) 100vw, 150px\" \/><\/a>\n\t\t\t<\/div>\n\t\t\t\t<figcaption class='wp-caption-text gallery-caption' id='gallery-1-11553'>\n\t\t\t\tM\u00eda\n\t\t\t\t<\/figcaption><\/figure><figure class='gallery-item'>\n\t\t\t<div class='gallery-icon landscape'>\n\t\t\t\t<a data-elementor-open-lightbox=\"yes\" data-elementor-lightbox-slideshow=\"29816d1\" data-elementor-lightbox-title=\"MujerHoy\" data-e-action-hash=\"#elementor-action%3Aaction%3Dlightbox%26settings%3DeyJpZCI6MTE1NjAsInVybCI6Imh0dHBzOlwvXC9sYWJlbGlzdGNvc21ldGljcy5jb21cL3dwLWNvbnRlbnRcL3VwbG9hZHNcLzIwMjNcLzAzXC9NdWplckhveS5wbmciLCJzbGlkZXNob3ciOiIyOTgxNmQxIn0%3D\" href='https:\/\/labelistcosmetics.com\/wp-content\/uploads\/2023\/03\/MujerHoy.png'><img loading=\"lazy\" decoding=\"async\" width=\"150\" height=\"150\" src=\"https:\/\/labelistcosmetics.com\/wp-content\/uploads\/2023\/03\/MujerHoy.png\" class=\"attachment-thumbnail size-thumbnail\" alt=\"\" aria-describedby=\"gallery-1-11560\" srcset=\"https:\/\/labelistcosmetics.com\/wp-content\/uploads\/2023\/03\/MujerHoy.png 150w, https:\/\/labelistcosmetics.com\/wp-content\/uploads\/2023\/03\/MujerHoy-100x100.png 100w\" sizes=\"(max-width: 150px) 100vw, 150px\" \/><\/a>\n\t\t\t<\/div>\n\t\t\t\t<figcaption class='wp-caption-text gallery-caption' id='gallery-1-11560'>\n\t\t\t\tMujer Hoy\n\t\t\t\t<\/figcaption><\/figure><figure class='gallery-item'>\n\t\t\t<div class='gallery-icon portrait'>\n\t\t\t\t<a data-elementor-open-lightbox=\"yes\" data-elementor-lightbox-slideshow=\"29816d1\" data-elementor-lightbox-title=\"Expansion y negoci\" data-e-action-hash=\"#elementor-action%3Aaction%3Dlightbox%26settings%3DeyJpZCI6NjA1MywidXJsIjoiaHR0cHM6XC9cL2xhYmVsaXN0Y29zbWV0aWNzLmNvbVwvd3AtY29udGVudFwvdXBsb2Fkc1wvMjAyMVwvMDNcL0V4cGFuc2lvbi15LW5lZ29jaS5qcGciLCJzbGlkZXNob3ciOiIyOTgxNmQxIn0%3D\" href='https:\/\/labelistcosmetics.com\/wp-content\/uploads\/2021\/03\/Expansion-y-negoci.jpg'><img loading=\"lazy\" decoding=\"async\" width=\"150\" height=\"150\" src=\"https:\/\/labelistcosmetics.com\/wp-content\/uploads\/2021\/03\/Expansion-y-negoci-150x150.jpg\" class=\"attachment-thumbnail size-thumbnail\" alt=\"\" aria-describedby=\"gallery-1-6053\" srcset=\"https:\/\/labelistcosmetics.com\/wp-content\/uploads\/2021\/03\/Expansion-y-negoci-150x150.jpg 150w, https:\/\/labelistcosmetics.com\/wp-content\/uploads\/2021\/03\/Expansion-y-negoci-300x300.jpg 300w, https:\/\/labelistcosmetics.com\/wp-content\/uploads\/2021\/03\/Expansion-y-negoci-100x100.jpg 100w\" sizes=\"(max-width: 150px) 100vw, 150px\" \/><\/a>\n\t\t\t<\/div>\n\t\t\t\t<figcaption class='wp-caption-text gallery-caption' id='gallery-1-6053'>\n\t\t\t\tExpansi\u00f3n y negocios\n\t\t\t\t<\/figcaption><\/figure><figure class='gallery-item'>\n\t\t\t<div class='gallery-icon portrait'>\n\t\t\t\t<a data-elementor-open-lightbox=\"yes\" data-elementor-lightbox-slideshow=\"29816d1\" data-elementor-lightbox-title=\"El Pais de los Negocios\" data-e-action-hash=\"#elementor-action%3Aaction%3Dlightbox%26settings%3DeyJpZCI6NjA1NCwidXJsIjoiaHR0cHM6XC9cL2xhYmVsaXN0Y29zbWV0aWNzLmNvbVwvd3AtY29udGVudFwvdXBsb2Fkc1wvMjAyMVwvMDNcL0VsLVBhaXMtZGUtbG9zLU5lZ29jaW9zLmpwZyIsInNsaWRlc2hvdyI6IjI5ODE2ZDEifQ%3D%3D\" href='https:\/\/labelistcosmetics.com\/wp-content\/uploads\/2021\/03\/El-Pais-de-los-Negocios.jpg'><img loading=\"lazy\" decoding=\"async\" width=\"150\" height=\"150\" src=\"https:\/\/labelistcosmetics.com\/wp-content\/uploads\/2021\/03\/El-Pais-de-los-Negocios-150x150.jpg\" class=\"attachment-thumbnail size-thumbnail\" alt=\"\" aria-describedby=\"gallery-1-6054\" srcset=\"https:\/\/labelistcosmetics.com\/wp-content\/uploads\/2021\/03\/El-Pais-de-los-Negocios-150x150.jpg 150w, https:\/\/labelistcosmetics.com\/wp-content\/uploads\/2021\/03\/El-Pais-de-los-Negocios-300x300.jpg 300w, https:\/\/labelistcosmetics.com\/wp-content\/uploads\/2021\/03\/El-Pais-de-los-Negocios-100x100.jpg 100w\" sizes=\"(max-width: 150px) 100vw, 150px\" \/><\/a>\n\t\t\t<\/div>\n\t\t\t\t<figcaption class='wp-caption-text gallery-caption' id='gallery-1-6054'>\n\t\t\t\tEl Pa\u00eds de los Negocios\n\t\t\t\t<\/figcaption><\/figure><figure class='gallery-item'>\n\t\t\t<div class='gallery-icon portrait'>\n\t\t\t\t<a data-elementor-open-lightbox=\"yes\" data-elementor-lightbox-slideshow=\"29816d1\" data-elementor-lightbox-title=\"Noticias de moda\" data-e-action-hash=\"#elementor-action%3Aaction%3Dlightbox%26settings%3DeyJpZCI6NjA1NSwidXJsIjoiaHR0cHM6XC9cL2xhYmVsaXN0Y29zbWV0aWNzLmNvbVwvd3AtY29udGVudFwvdXBsb2Fkc1wvMjAyMVwvMDNcL05vdGljaWFzLWRlLW1vZGEuanBnIiwic2xpZGVzaG93IjoiMjk4MTZkMSJ9\" href='https:\/\/labelistcosmetics.com\/wp-content\/uploads\/2021\/03\/Noticias-de-moda.jpg'><img loading=\"lazy\" decoding=\"async\" width=\"150\" height=\"150\" src=\"https:\/\/labelistcosmetics.com\/wp-content\/uploads\/2021\/03\/Noticias-de-moda-150x150.jpg\" class=\"attachment-thumbnail size-thumbnail\" alt=\"\" aria-describedby=\"gallery-1-6055\" srcset=\"https:\/\/labelistcosmetics.com\/wp-content\/uploads\/2021\/03\/Noticias-de-moda-150x150.jpg 150w, https:\/\/labelistcosmetics.com\/wp-content\/uploads\/2021\/03\/Noticias-de-moda-300x300.jpg 300w, https:\/\/labelistcosmetics.com\/wp-content\/uploads\/2021\/03\/Noticias-de-moda-100x100.jpg 100w\" sizes=\"(max-width: 150px) 100vw, 150px\" \/><\/a>\n\t\t\t<\/div>\n\t\t\t\t<figcaption class='wp-caption-text gallery-caption' id='gallery-1-6055'>\n\t\t\t\tNoticias de moda\n\t\t\t\t<\/figcaption><\/figure><figure class='gallery-item'>\n\t\t\t<div class='gallery-icon portrait'>\n\t\t\t\t<a data-elementor-open-lightbox=\"yes\" data-elementor-lightbox-slideshow=\"29816d1\" data-elementor-lightbox-title=\"Nutra Salud\" data-e-action-hash=\"#elementor-action%3Aaction%3Dlightbox%26settings%3DeyJpZCI6NjA1NiwidXJsIjoiaHR0cHM6XC9cL2xhYmVsaXN0Y29zbWV0aWNzLmNvbVwvd3AtY29udGVudFwvdXBsb2Fkc1wvMjAyMVwvMDNcL051dHJhLVNhbHVkLmpwZyIsInNsaWRlc2hvdyI6IjI5ODE2ZDEifQ%3D%3D\" href='https:\/\/labelistcosmetics.com\/wp-content\/uploads\/2021\/03\/Nutra-Salud.jpg'><img loading=\"lazy\" decoding=\"async\" width=\"150\" height=\"150\" src=\"https:\/\/labelistcosmetics.com\/wp-content\/uploads\/2021\/03\/Nutra-Salud-150x150.jpg\" class=\"attachment-thumbnail size-thumbnail\" alt=\"\" aria-describedby=\"gallery-1-6056\" srcset=\"https:\/\/labelistcosmetics.com\/wp-content\/uploads\/2021\/03\/Nutra-Salud-150x150.jpg 150w, https:\/\/labelistcosmetics.com\/wp-content\/uploads\/2021\/03\/Nutra-Salud-300x300.jpg 300w, https:\/\/labelistcosmetics.com\/wp-content\/uploads\/2021\/03\/Nutra-Salud-100x100.jpg 100w\" sizes=\"(max-width: 150px) 100vw, 150px\" \/><\/a>\n\t\t\t<\/div>\n\t\t\t\t<figcaption class='wp-caption-text gallery-caption' id='gallery-1-6056'>\n\t\t\t\tNutra Salud\n\t\t\t\t<\/figcaption><\/figure>\n\t\t<\/div>\n\t\t<\/div>\n\t\t\t\t\t\t<\/div>\n\t\t\t\t<\/div>\n\t\t\t\t\t<\/div>\n\t\t<\/div>\n\t\t\t\t\t<\/div>\n\t\t<\/section>\n\t\t\t\t<\/div>\n\t\t","protected":false},"excerpt":{"rendered":"<p>Marie Claire Mujer Hoy Mujer Hoy M\u00eda Mujer Hoy Expansi\u00f3n y negocios El Pa\u00eds de los Negocios Fashion news Nutra Salud<\/p>\n","protected":false},"author":30,"featured_media":0,"parent":0,"menu_order":0,"comment_status":"closed","ping_status":"closed","template":"elementor_header_footer","meta":{"_acf_changed":false,"footnotes":""},"class_list":["post-7956","page","type-page","status-publish","hentry"],"acf":[],"jetpack_sharing_enabled":true,"_links":{"self":[{"href":"https:\/\/labelistcosmetics.com\/en\/wp-json\/wp\/v2\/pages\/7956","targetHints":{"allow":["GET"]}}],"collection":[{"href":"https:\/\/labelistcosmetics.com\/en\/wp-json\/wp\/v2\/pages"}],"about":[{"href":"https:\/\/labelistcosmetics.com\/en\/wp-json\/wp\/v2\/types\/page"}],"author":[{"embeddable":true,"href":"https:\/\/labelistcosmetics.com\/en\/wp-json\/wp\/v2\/users\/30"}],"replies":[{"embeddable":true,"href":"https:\/\/labelistcosmetics.com\/en\/wp-json\/wp\/v2\/comments?post=7956"}],"version-history":[{"count":4,"href":"https:\/\/labelistcosmetics.com\/en\/wp-json\/wp\/v2\/pages\/7956\/revisions"}],"predecessor-version":[{"id":11636,"href":"https:\/\/labelistcosmetics.com\/en\/wp-json\/wp\/v2\/pages\/7956\/revisions\/11636"}],"wp:attachment":[{"href":"https:\/\/labelistcosmetics.com\/en\/wp-json\/wp\/v2\/media?parent=7956"}],"curies":[{"name":"wp","href":"https:\/\/api.w.org\/{rel}","templated":true}]}}